{"id":154,"date":"2018-12-29T15:20:37","date_gmt":"2018-12-29T14:20:37","guid":{"rendered":"https:\/\/tkv-hochfranken.de\/?page_id=154"},"modified":"2019-04-22T20:30:40","modified_gmt":"2019-04-22T18:30:40","slug":"ueber-uns","status":"publish","type":"page","link":"https:\/\/tkv-hochfranken.de\/index.php\/verband\/ueber-uns\/","title":{"rendered":"\u00dcber uns"},"content":{"rendered":"\n<h2 class=\"wp-block-heading\">Musikalisches Netzwerk<\/h2>\n\n\n\n<p>Der Tonk\u00fcnstlerverband Hochfranken e.V. ist ein <strong>Netzwerk<\/strong> von professionellen und angehenden Musikern, Komponisten, Musikp\u00e4dagogen, Musiktherapeuten, Musikwissenschaftlern, Tonmeistern, Instrumentenbauern, Musikalienh\u00e4ndlern, Verlegern und F\u00f6rdermitgliedern. <\/p>\n\n\n\n<p>Wir tauschen uns daher stetig \u00fcber kreative M\u00f6glichkeiten aus, wie die Tonkunst in der Region verbreitet und entwickelt werden kann.<\/p>\n\n\n\n<h2 class=\"wp-block-heading\">Unsere Dachverb\u00e4nde<\/h2>\n\n\n\n<p>Unser Verein wird von unseren<strong> Dachverb\u00e4nden<\/strong><a rel=\"noreferrer noopener\" aria-label=\" (\u00f6ffnet in neuem Tab)\" href=\"https:\/\/www.dtkvbayern.de\/\" target=\"_blank\"> Tonk\u00fcnstlerverband Bayern (TKVB<\/a>) und<a rel=\"noreferrer noopener\" aria-label=\" (\u00f6ffnet in neuem Tab)\" href=\"http:\/\/dtkv.net\/ORG\/\" target=\"_blank\"> Deutschen Tonk\u00fcnstlerverband (DTKV)<\/a> sowie von unseren Mitgliedern getragen.<\/p>\n\n\n\n<h2 class=\"wp-block-heading\">Unser Ziel<\/h2>\n\n\n\n<p>Unser <strong>Ziel <\/strong>ist es, die fachlichen und sozialen Bed\u00fcrfnisse des musikbezogenen Berufsstandes zu f\u00f6rdern und sich f\u00fcr deren Interessenvertretung zu engagieren. Daf\u00fcr veranstalten wir regelm\u00e4\u00dfig Fortbildungen, Vortr\u00e4ge und Konzerte, wie beispielsweise die kammermusikalisch betonten <em><a href=\"https:\/\/tkv-hochfranken.de\/index.php\/aktivitaeten\/klangspuren\/\">\u00a0Klangspuren<\/a><\/em><a href=\"https:\/\/tkv-hochfranken.de\/index.php\/aktivitaeten\/klangspuren\/\">-Konzerte<\/a>.<\/p>\n\n\n\n<h2 class=\"wp-block-heading\">Unsere Aktivit\u00e4ten<\/h2>\n\n\n\n<p>In der Programmgestaltung unserer <strong><a href=\"https:\/\/tkv-hochfranken.de\/index.php\/aktivitaeten\/\">Aktivit\u00e4ten<\/a><\/strong> legen wir ein besonderes Augenmerk auf Musik des 20. und 21. Jahrhunderts von der Klassik \u00fcber den Jazz bis hin zur Popularmusik. Hierbei  ber\u00fccksichtigen wir vor allem die Interessen unserer Mitglieder sowie Kompositionen aus der Region Hochfranken.<\/p>\n\n\n\n<p>Um den musikalischen Nachwuchs zu unterst\u00fctzen, vergeben wir verschiedene Sonderpreise, wie z.B. im Rahmen von <a rel=\"noreferrer noopener\" aria-label=\" (\u00f6ffnet in neuem Tab)\" href=\"https:\/\/www.jugend-musiziert.org\/wettbewerbe\/regionalwettbewerbe\/hochfranken.html\" target=\"_blank\">\u201cJugend musiziert\u201d<\/a>:<\/p>\n\n\n\n<ul class=\"wp-block-list\"><li><em><a href=\"https:\/\/tkv-hochfranken.de\/index.php\/aktivitaeten\/florestan-und-eusebius-preis\/\">Florestan und Eusebius-Preis<\/a><\/em> (Regionalwettbewerb) und <\/li><li><a href=\"https:\/\/tkv-hochfranken.de\/index.php\/2019\/04\/10\/jean-paul-preis-2019\/\"><em>Jean Paul-Preis 2019<\/em><\/a> (Landeswettbewerb)<\/li><\/ul>\n\n\n\n<p>sowie beim Klavierwettbewerb <a rel=\"noreferrer noopener\" href=\"http:\/\/www.hofer-symphoniker.de\/musikschule\/wettbewerbe\/piano-ueber-grenzen.html\" target=\"_blank\">\u201cPiano \u00fcber Grenzen\u201d:<\/a><\/p>\n\n\n\n<ul class=\"wp-block-list\"><li> <em><a href=\"https:\/\/tkv-hochfranken.de\/index.php\/aktivitaeten\/rudolf-serkin-preis\/\">Rudolf Serkin-Preis<\/a><\/em> <\/li><\/ul>\n\n\n\n<h2 class=\"wp-block-heading\">Unsere Vision<\/h2>\n\n\n\n<p>Unsere <strong>Vision<\/strong> f\u00fcr die Zukunft ist es, die Region Hochfranken mit breit gef\u00e4cherten Projekten zu bereichern. In ihnen sollen sich die verschiedenen Kunstgattungen &#8211; Musik, darstellende und  bildende Kunst, Literatur und Tanz &#8211; miteinander verbinden.<\/p>\n\n\n\n<h3 class=\"wp-block-heading\"><a href=\"https:\/\/tkv-hochfranken.de\/index.php\/mitgliedschaft\/\"><strong>Mitglied werden?<\/strong><\/a><\/h3>\n\n\n\n<p><strong>Willkommen<\/strong> sind nicht nur qualifizierte Musikschaffende, sondern alle Freunde und F\u00f6rderer des Musik- und Kulturlebens in Hochfranken. <\/p>\n<h3>Related Images:<\/h3>","protected":false},"excerpt":{"rendered":"<p>Musikalisches Netzwerk Der Tonk\u00fcnstlerverband Hochfranken e.V. ist ein Netzwerk von professionellen und angehenden Musikern, Komponisten, Musikp\u00e4dagogen, Musiktherapeuten, Musikwissenschaftlern, Tonmeistern, Instrumentenbauern, Musikalienh\u00e4ndlern, Verlegern und F\u00f6rdermitgliedern. Wir tauschen uns daher stetig \u00fcber kreative M\u00f6glichkeiten aus, wie die Tonkunst in der Region verbreitet und entwickelt werden kann. Unsere Dachverb\u00e4nde Unser Verein wird von unseren Dachverb\u00e4nden Tonk\u00fcnstlerverband Bayern (TKVB)&#8230; <\/p>\n<div class=\"read-more navbutton\"><a href=\"https:\/\/tkv-hochfranken.de\/index.php\/verband\/ueber-uns\/\">Read More<i class=\"fa fa-angle-double-right\"><\/i><\/a><\/div>\n","protected":false},"author":1,"featured_media":0,"parent":352,"menu_order":0,"comment_status":"closed","ping_status":"closed","template":"","meta":{"ngg_post_thumbnail":0,"footnotes":""},"class_list":["post-154","page","type-page","status-publish","hentry"],"_links":{"self":[{"href":"https:\/\/tkv-hochfranken.de\/index.php\/wp-json\/wp\/v2\/pages\/154","targetHints":{"allow":["GET"]}}],"collection":[{"href":"https:\/\/tkv-hochfranken.de\/index.php\/wp-json\/wp\/v2\/pages"}],"about":[{"href":"https:\/\/tkv-hochfranken.de\/index.php\/wp-json\/wp\/v2\/types\/page"}],"author":[{"embeddable":true,"href":"https:\/\/tkv-hochfranken.de\/index.php\/wp-json\/wp\/v2\/users\/1"}],"replies":[{"embeddable":true,"href":"https:\/\/tkv-hochfranken.de\/index.php\/wp-json\/wp\/v2\/comments?post=154"}],"version-history":[{"count":13,"href":"https:\/\/tkv-hochfranken.de\/index.php\/wp-json\/wp\/v2\/pages\/154\/revisions"}],"predecessor-version":[{"id":1211,"href":"https:\/\/tkv-hochfranken.de\/index.php\/wp-json\/wp\/v2\/pages\/154\/revisions\/1211"}],"up":[{"embeddable":true,"href":"https:\/\/tkv-hochfranken.de\/index.php\/wp-json\/wp\/v2\/pages\/352"}],"wp:attachment":[{"href":"https:\/\/tkv-hochfranken.de\/index.php\/wp-json\/wp\/v2\/media?parent=154"}],"curies":[{"name":"wp","href":"https:\/\/api.w.org\/{rel}","templated":true}]}}