{"id":166,"date":"2018-12-29T15:31:25","date_gmt":"2018-12-29T14:31:25","guid":{"rendered":"https:\/\/tkv-hochfranken.de\/?page_id=166"},"modified":"2020-01-09T13:14:49","modified_gmt":"2020-01-09T12:14:49","slug":"kontakt","status":"publish","type":"page","link":"https:\/\/tkv-hochfranken.de\/index.php\/kontakt\/","title":{"rendered":"Kontakt"},"content":{"rendered":"\n<p><strong>Tonk\u00fcnstlerverband Hochfranken e.V.<\/strong><br>c\/o Hofer Symphoniker<br>1. Vorsitzender: Markus Jung<br>Klosterstrasse 9-11<br>95028 Hof \u00a0\u00a0 <br><br>E-mail:\u00a0\u00a0 <a href=\"mailto:vorstand@tkv-hochfranken.de\">vorstand@tkv-hochfranken.de<\/a><\/p>\n\n\n\n<h2 class=\"wp-block-heading\">Newsletter <\/h2>\n\n\n\n<p>Wenn Sie in einem Newsletter \u00fcber unsere Aktivit\u00e4ten informiert werden wollen, senden Sie uns bitte eine Email mit dem Betreff &#8222;Newsletter&#8220; und der Nachricht &#8222;Ja, ich m\u00f6chte einen Newsletter erhalten.&#8220;<\/p>\n\n\n\n<p>Selbstverst\u00e4ndlich k\u00f6nnen Sie den Newsletter auch jederzeit wieder abbestellen. Hinweise dazu finden Sie in der Email.<\/p>\n<h3>Related Images:<\/h3>","protected":false},"excerpt":{"rendered":"<p>Tonk\u00fcnstlerverband Hochfranken e.V.c\/o Hofer Symphoniker1. Vorsitzender: Markus JungKlosterstrasse 9-1195028 Hof \u00a0\u00a0 E-mail:\u00a0\u00a0 vorstand@tkv-hochfranken.de Newsletter Wenn Sie in einem Newsletter \u00fcber unsere Aktivit\u00e4ten informiert werden wollen, senden Sie uns bitte eine Email mit dem Betreff &#8222;Newsletter&#8220; und der Nachricht &#8222;Ja, ich m\u00f6chte einen Newsletter erhalten.&#8220; Selbstverst\u00e4ndlich k\u00f6nnen Sie den Newsletter auch jederzeit wieder abbestellen. Hinweise dazu&#8230; <\/p>\n<div class=\"read-more navbutton\"><a href=\"https:\/\/tkv-hochfranken.de\/index.php\/kontakt\/\">Read More<i class=\"fa fa-angle-double-right\"><\/i><\/a><\/div>\n","protected":false},"author":1,"featured_media":0,"parent":0,"menu_order":0,"comment_status":"closed","ping_status":"closed","template":"","meta":{"ngg_post_thumbnail":0,"footnotes":""},"class_list":["post-166","page","type-page","status-publish","hentry"],"_links":{"self":[{"href":"https:\/\/tkv-hochfranken.de\/index.php\/wp-json\/wp\/v2\/pages\/166","targetHints":{"allow":["GET"]}}],"collection":[{"href":"https:\/\/tkv-hochfranken.de\/index.php\/wp-json\/wp\/v2\/pages"}],"about":[{"href":"https:\/\/tkv-hochfranken.de\/index.php\/wp-json\/wp\/v2\/types\/page"}],"author":[{"embeddable":true,"href":"https:\/\/tkv-hochfranken.de\/index.php\/wp-json\/wp\/v2\/users\/1"}],"replies":[{"embeddable":true,"href":"https:\/\/tkv-hochfranken.de\/index.php\/wp-json\/wp\/v2\/comments?post=166"}],"version-history":[{"count":10,"href":"https:\/\/tkv-hochfranken.de\/index.php\/wp-json\/wp\/v2\/pages\/166\/revisions"}],"predecessor-version":[{"id":1560,"href":"https:\/\/tkv-hochfranken.de\/index.php\/wp-json\/wp\/v2\/pages\/166\/revisions\/1560"}],"wp:attachment":[{"href":"https:\/\/tkv-hochfranken.de\/index.php\/wp-json\/wp\/v2\/media?parent=166"}],"curies":[{"name":"wp","href":"https:\/\/api.w.org\/{rel}","templated":true}]}}