{"id":168,"date":"2018-12-29T15:31:47","date_gmt":"2018-12-29T14:31:47","guid":{"rendered":"https:\/\/tkv-hochfranken.de\/?page_id=168"},"modified":"2020-04-01T08:42:27","modified_gmt":"2020-04-01T06:42:27","slug":"downloads","status":"publish","type":"page","link":"https:\/\/tkv-hochfranken.de\/index.php\/downloads\/","title":{"rendered":"Downloads"},"content":{"rendered":"\n<h2 class=\"wp-block-heading\">Digitaler Musikunterricht<\/h2>\n\n\n\n<div class=\"wp-block-file\"><a href=\"https:\/\/tkv-hochfranken.de\/wp-content\/uploads\/2020\/04\/Einwilligungserkl\u00e4rung-zur-Nutzung-des-Online-Unterrichts2.pdf\">Einwilligungserkl\u00e4rung zur Nutzung von Online-Diensten<\/a><a href=\"https:\/\/tkv-hochfranken.de\/wp-content\/uploads\/2020\/04\/Einwilligungserkl\u00e4rung-zur-Nutzung-des-Online-Unterrichts2.pdf\" class=\"wp-block-file__button\" download>Herunterladen<\/a><\/div>\n\n\n\n<h2 class=\"wp-block-heading\">TKV Hochfranken<\/h2>\n\n\n\n<div class=\"wp-block-file\"><a href=\"https:\/\/tkv-hochfranken.de\/wp-content\/uploads\/2019\/01\/aufnahmeantrag-tkvb.pdf\">Aufnahmeantrag<\/a><a href=\"https:\/\/tkv-hochfranken.de\/wp-content\/uploads\/2019\/01\/aufnahmeantrag-tkvb.pdf\" class=\"wp-block-file__button\" download>Herunterladen<\/a><\/div>\n\n\n\n<div class=\"wp-block-file\"><a href=\"https:\/\/tkv-hochfranken.de\/wp-content\/uploads\/2019\/04\/tkv-sepa-sparkasse-hochfranken.pdf\">SEPA-Einzugserm\u00e4chtigung<\/a><a href=\"https:\/\/tkv-hochfranken.de\/wp-content\/uploads\/2019\/04\/tkv-sepa-sparkasse-hochfranken.pdf\" class=\"wp-block-file__button\" download>Herunterladen<\/a><\/div>\n\n\n\n<div class=\"wp-block-file\"><a href=\"https:\/\/tkv-hochfranken.de\/wp-content\/uploads\/2019\/01\/tkv-anhang-zur-anmeldung.pdf\" target=\"_blank\" rel=\"noreferrer noopener\">Datenschutz f\u00fcr Mitglieder (TKV Hochfranken &#8211; kompakt)<\/a><a href=\"https:\/\/tkv-hochfranken.de\/wp-content\/uploads\/2019\/01\/tkv-anhang-zur-anmeldung.pdf\" class=\"wp-block-file__button\" download>Herunterladen<\/a><\/div>\n\n\n\n<div class=\"wp-block-file\"><a href=\"https:\/\/tkv-hochfranken.de\/wp-content\/uploads\/2019\/01\/einwilligung-internet.pdf\" target=\"_blank\" rel=\"noreferrer noopener\">Mitgliederdaten im Internet<\/a><a href=\"https:\/\/tkv-hochfranken.de\/wp-content\/uploads\/2019\/01\/einwilligung-internet.pdf\" class=\"wp-block-file__button\" download>Herunterladen<\/a><\/div>\n\n\n\n<div class=\"wp-block-file\"><a href=\"https:\/\/tkv-hochfranken.de\/wp-content\/uploads\/2019\/01\/personenbildnisse-ueber-18.pdf\" target=\"_blank\" rel=\"noreferrer noopener\">Personenbildnisse bei Erwachsenen<\/a><a href=\"https:\/\/tkv-hochfranken.de\/wp-content\/uploads\/2019\/01\/personenbildnisse-ueber-18.pdf\" class=\"wp-block-file__button\" download>Herunterladen<\/a><\/div>\n\n\n\n<div class=\"wp-block-file\"><a href=\"https:\/\/tkv-hochfranken.de\/wp-content\/uploads\/2019\/01\/einwilligung-veroeffentlichung-minderjaehrig.pdf\" target=\"_blank\" rel=\"noreferrer noopener\">Personenbildnisse bei Minderj\u00e4hrigen<\/a><a href=\"https:\/\/tkv-hochfranken.de\/wp-content\/uploads\/2019\/01\/einwilligung-veroeffentlichung-minderjaehrig.pdf\" class=\"wp-block-file__button\" download>Herunterladen<\/a><\/div>\n\n\n\n<h3 class=\"wp-block-heading\">Aktuelle Flyer des Landesverbands Bayern<\/h3>\n\n\n\n<div class=\"wp-block-file\"><a href=\"https:\/\/tkv-hochfranken.de\/wp-content\/uploads\/2019\/01\/2018-03-alles-auf-einen-blick.pdf\" target=\"_blank\" rel=\"noreferrer noopener\">Alles auf einen Blick. Leistungen, Service und Beratung<\/a><a href=\"https:\/\/tkv-hochfranken.de\/wp-content\/uploads\/2019\/01\/2018-03-alles-auf-einen-blick.pdf\" class=\"wp-block-file__button\" download>Herunterladen<\/a><\/div>\n\n\n\n<div class=\"wp-block-file\"><a href=\"https:\/\/tkv-hochfranken.de\/wp-content\/uploads\/2019\/01\/2018-03-alles-auf-dem-schirm.pdf\" target=\"_blank\" rel=\"noreferrer noopener\">Alles auf dem Schirm? So gelingt der Berufseinstieg<\/a><a href=\"https:\/\/tkv-hochfranken.de\/wp-content\/uploads\/2019\/01\/2018-03-alles-auf-dem-schirm.pdf\" class=\"wp-block-file__button\" download>Herunterladen<\/a><\/div>\n<h3>Related Images:<\/h3>","protected":false},"excerpt":{"rendered":"<p>Digitaler Musikunterricht Einwilligungserkl\u00e4rung zur Nutzung von Online-DienstenHerunterladen TKV Hochfranken AufnahmeantragHerunterladen SEPA-Einzugserm\u00e4chtigungHerunterladen Datenschutz f\u00fcr Mitglieder (TKV Hochfranken &#8211; kompakt)Herunterladen Mitgliederdaten im InternetHerunterladen Personenbildnisse bei ErwachsenenHerunterladen Personenbildnisse bei Minderj\u00e4hrigenHerunterladen Aktuelle Flyer des Landesverbands Bayern Alles auf einen Blick. Leistungen, Service und BeratungHerunterladen Alles auf dem Schirm? So gelingt der BerufseinstiegHerunterladen Related Images:<\/p>\n","protected":false},"author":1,"featured_media":0,"parent":0,"menu_order":0,"comment_status":"closed","ping_status":"closed","template":"","meta":{"ngg_post_thumbnail":0,"footnotes":""},"class_list":["post-168","page","type-page","status-publish","hentry"],"_links":{"self":[{"href":"https:\/\/tkv-hochfranken.de\/index.php\/wp-json\/wp\/v2\/pages\/168","targetHints":{"allow":["GET"]}}],"collection":[{"href":"https:\/\/tkv-hochfranken.de\/index.php\/wp-json\/wp\/v2\/pages"}],"about":[{"href":"https:\/\/tkv-hochfranken.de\/index.php\/wp-json\/wp\/v2\/types\/page"}],"author":[{"embeddable":true,"href":"https:\/\/tkv-hochfranken.de\/index.php\/wp-json\/wp\/v2\/users\/1"}],"replies":[{"embeddable":true,"href":"https:\/\/tkv-hochfranken.de\/index.php\/wp-json\/wp\/v2\/comments?post=168"}],"version-history":[{"count":16,"href":"https:\/\/tkv-hochfranken.de\/index.php\/wp-json\/wp\/v2\/pages\/168\/revisions"}],"predecessor-version":[{"id":1622,"href":"https:\/\/tkv-hochfranken.de\/index.php\/wp-json\/wp\/v2\/pages\/168\/revisions\/1622"}],"wp:attachment":[{"href":"https:\/\/tkv-hochfranken.de\/index.php\/wp-json\/wp\/v2\/media?parent=168"}],"curies":[{"name":"wp","href":"https:\/\/api.w.org\/{rel}","templated":true}]}}