{"id":360,"date":"2018-12-29T18:50:47","date_gmt":"2018-12-29T17:50:47","guid":{"rendered":"https:\/\/tkv-hochfranken.de\/?page_id=360"},"modified":"2019-04-22T20:55:39","modified_gmt":"2019-04-22T18:55:39","slug":"erweiterter-vorstand-beirat","status":"publish","type":"page","link":"https:\/\/tkv-hochfranken.de\/index.php\/verband\/erweiterter-vorstand-beirat\/","title":{"rendered":"Erweiterter Vorstand\/Beirat"},"content":{"rendered":"\n<h2 class=\"wp-block-heading\">Aufgaben des K\u00fcnstlerischen Beirats<\/h2>\n\n\n\n<p>Laut Satzung kann der Vorstand des Tonk\u00fcnstlerverbands Hochfranken passende Personen in den K\u00fcnstlerischen Beirat berufen. Zum einen unterst\u00fctzen die Beiratsmitglieder den Vorstand in spezifischen Bereichen und zum anderen f\u00f6rdern sie die Aktivit\u00e4ten des Vereins in der \u00d6ffentlichkeit. Dar\u00fcber hinaus organisieren sie auch Veranstaltungen. <\/p>\n\n\n\n<h2 class=\"wp-block-heading\">Aktueller K\u00fcnstlerischer Beirat<\/h2>\n\n\n\n<p>Momentan wird der Vorstand von folgenden Mitgliedern unterst\u00fctzt:<\/p>\n\n\n\n<h3 class=\"wp-block-heading\">Konzertorganisation der Konzertreihen<\/h3>\n\n\n\n<p><strong>Yasuko Sugimoto-Shestiperov<\/strong><br>(K\u00fcnstlerische Leitung der KlangSpuren- und KlangSp\u00fcrchen-Konzerte)<br><\/p>\n\n\n\n<h3 class=\"wp-block-heading\">Fotografische Dokumentation der Vereinsarbeit:<\/h3>\n\n\n\n<div class=\"wp-block-media-text alignwide is-stacked-on-mobile\" style=\"grid-template-columns:20% auto\"><figure class=\"wp-block-media-text__media\"><img decoding=\"async\" width=\"175\" height=\"223\" src=\"https:\/\/tkv-hochfranken.de\/wp-content\/uploads\/2019\/04\/jens.jpg\" alt=\"Jens Gottl\u00f6ber, Fotograf\" class=\"wp-image-1034\"\/><\/figure><div class=\"wp-block-media-text__content\">\n<p><strong>Jens Gottl\u00f6ber<\/strong><br>(Fotograf)<\/p>\n<\/div><\/div>\n\n\n\n<h3 class=\"wp-block-heading\">Betreuung der Website und der Facebook-Site:<\/h3>\n\n\n\n<div class=\"wp-block-media-text alignwide is-stacked-on-mobile\" style=\"grid-template-columns:19% auto\"><figure class=\"wp-block-media-text__media\"><img fetchpriority=\"high\" decoding=\"async\" width=\"518\" height=\"777\" src=\"https:\/\/tkv-hochfranken.de\/wp-content\/uploads\/2019\/04\/115.jpg\" alt=\"\" class=\"wp-image-1035\" srcset=\"https:\/\/tkv-hochfranken.de\/wp-content\/uploads\/2019\/04\/115.jpg 518w, https:\/\/tkv-hochfranken.de\/wp-content\/uploads\/2019\/04\/115-200x300.jpg 200w\" sizes=\"(max-width: 518px) 100vw, 518px\" \/><\/figure><div class=\"wp-block-media-text__content\">\n<p><strong>Eva Enders<\/strong><br>(Internet)<br><\/p>\n<\/div><\/div>\n\n\n\n<p>  <\/p>\n<h3>Related Images:<\/h3>","protected":false},"excerpt":{"rendered":"<p>Aufgaben des K\u00fcnstlerischen Beirats Laut Satzung kann der Vorstand des Tonk\u00fcnstlerverbands Hochfranken passende Personen in den K\u00fcnstlerischen Beirat berufen. Zum einen unterst\u00fctzen die Beiratsmitglieder den Vorstand in spezifischen Bereichen und zum anderen f\u00f6rdern sie die Aktivit\u00e4ten des Vereins in der \u00d6ffentlichkeit. Dar\u00fcber hinaus organisieren sie auch Veranstaltungen. Aktueller K\u00fcnstlerischer Beirat Momentan wird der Vorstand von&#8230; <\/p>\n<div class=\"read-more navbutton\"><a href=\"https:\/\/tkv-hochfranken.de\/index.php\/verband\/erweiterter-vorstand-beirat\/\">Read More<i class=\"fa fa-angle-double-right\"><\/i><\/a><\/div>\n","protected":false},"author":1,"featured_media":0,"parent":352,"menu_order":0,"comment_status":"closed","ping_status":"closed","template":"","meta":{"ngg_post_thumbnail":0,"footnotes":""},"class_list":["post-360","page","type-page","status-publish","hentry"],"_links":{"self":[{"href":"https:\/\/tkv-hochfranken.de\/index.php\/wp-json\/wp\/v2\/pages\/360","targetHints":{"allow":["GET"]}}],"collection":[{"href":"https:\/\/tkv-hochfranken.de\/index.php\/wp-json\/wp\/v2\/pages"}],"about":[{"href":"https:\/\/tkv-hochfranken.de\/index.php\/wp-json\/wp\/v2\/types\/page"}],"author":[{"embeddable":true,"href":"https:\/\/tkv-hochfranken.de\/index.php\/wp-json\/wp\/v2\/users\/1"}],"replies":[{"embeddable":true,"href":"https:\/\/tkv-hochfranken.de\/index.php\/wp-json\/wp\/v2\/comments?post=360"}],"version-history":[{"count":10,"href":"https:\/\/tkv-hochfranken.de\/index.php\/wp-json\/wp\/v2\/pages\/360\/revisions"}],"predecessor-version":[{"id":1219,"href":"https:\/\/tkv-hochfranken.de\/index.php\/wp-json\/wp\/v2\/pages\/360\/revisions\/1219"}],"up":[{"embeddable":true,"href":"https:\/\/tkv-hochfranken.de\/index.php\/wp-json\/wp\/v2\/pages\/352"}],"wp:attachment":[{"href":"https:\/\/tkv-hochfranken.de\/index.php\/wp-json\/wp\/v2\/media?parent=360"}],"curies":[{"name":"wp","href":"https:\/\/api.w.org\/{rel}","templated":true}]}}