{"id":88,"date":"2018-12-28T21:30:29","date_gmt":"2018-12-28T20:30:29","guid":{"rendered":"https:\/\/tkv-hochfranken.de\/?page_id=88"},"modified":"2026-02-05T21:14:30","modified_gmt":"2026-02-05T20:14:30","slug":"florestan-und-eusebius-preis","status":"publish","type":"page","link":"https:\/\/tkv-hochfranken.de\/index.php\/aktivitaeten\/florestan-und-eusebius-preis\/","title":{"rendered":"Florestan und Eusebius-Preis"},"content":{"rendered":"\n<h2 class=\"wp-block-heading\">Sonderpreis beim Regionalwettbwerb &#8222;Jugend-musiziert&#8220; in Hochfranken<\/h2>\n\n\n\n<p>Der &#8218;Florestan und Eusebius-Preis&#8216; ist ein Sonderpreis zur F\u00f6rderung der jungen Musikerinnen und Musiker in der Region Hochfranken. Verliehen wird der Preis jedes Jahr im Rahmen des Regionalwettbewerbs <a aria-label=\"&quot;Jugend musiziert&quot; (\u00f6ffnet in neuem Tab)\" href=\"https:\/\/www.jugend-musiziert.org\/wettbewerbe\/regionalwettbewerbe\/hochfranken.html\" target=\"_blank\" rel=\"noreferrer noopener\">&#8222;Jugend musiziert&#8220;<\/a> Hochfranken.<\/p>\n\n\n\n<p>Dieser Preis beinhaltet einen Geldwert in H\u00f6he von 300,- Euro sowie 3 Auftrittsm\u00f6glichkeiten in Konzerten des TKVs Hochfranken.<\/p>\n\n\n<div class=\"wp-block-image\">\n<figure class=\"aligncenter\"><a href=\"https:\/\/de.wikipedia.org\/wiki\/Florestan_und_Eusebius#\/media\/File:Schumann_op.11.png\" target=\"_blank\" rel=\"noreferrer noopener\"><img fetchpriority=\"high\" decoding=\"async\" width=\"225\" height=\"300\" src=\"https:\/\/tkv-hochfranken.de\/wp-content\/uploads\/2018\/12\/Schumann_op.11-225x300.png\" alt=\"\" class=\"wp-image-525\" srcset=\"https:\/\/tkv-hochfranken.de\/wp-content\/uploads\/2018\/12\/Schumann_op.11-225x300.png 225w, https:\/\/tkv-hochfranken.de\/wp-content\/uploads\/2018\/12\/Schumann_op.11-768x1023.png 768w, https:\/\/tkv-hochfranken.de\/wp-content\/uploads\/2018\/12\/Schumann_op.11-769x1024.png 769w, https:\/\/tkv-hochfranken.de\/wp-content\/uploads\/2018\/12\/Schumann_op.11.png 988w\" sizes=\"(max-width: 225px) 100vw, 225px\" \/><\/a><figcaption class=\"wp-element-caption\"><a href=\"https:\/\/de.wikipedia.org\/wiki\/Florestan_und_Eusebius\">Florestan und Eusebius<\/a><\/figcaption><\/figure>\n<\/div>\n\n\n<p>Sein Name ist inspiriert von Robert Schumann, der die Fantasiefiguren Florestan und Eusebius f\u00fcr seine Arbeit als Musikkritiker erfand. Ihre unterschiedlichen Charaktere verwendete Schumann, um unterschiedliche Sichtweisen darzustellen. Urspr\u00fcnglich stammte die Idee jedoch von Jean Paul, der in seinem Roman &#8222;Flegeljahre&#8220; mit den Zwillingsbr\u00fcdern Valt und Wult das Urbild f\u00fcr Florestan und Eusebius erschuf.<\/p>\n\n\n\n<p>Diese Wurzel bei Jean Paul schafft im weiten Sinne eine Verbindung zur Region Hochfranken, da Jean Paul viele Jahre hier (Schwarzenbach a.d. Saale, Joditz) lebte und wirkte.<\/p>\n\n\n\n<p><a href=\"https:\/\/tkv-hochfranken.de\/index.php\/2016\/01\/01\/florestan-und-eusebius-preis\/\">Dr. Wofram Graf \u00fcber den Florestan und Eusebius-Preis &#8230;<\/a><br><\/p>\n\n\n\n<h3 class=\"wp-block-heading\">Bisherige Preistr\u00e4ger:<\/h3>\n\n\n\n<ul class=\"wp-block-list\">\n<li><a href=\"https:\/\/tkv-hochfranken.de\/index.php\/2026\/02\/05\/florestan-und-eusebius-preis-2026-geht-an-das-blockfloeten-ensemble-sophia-elin-knechtel-ilian-takuro-shestiperov-und-martin-kreissl\/\" data-type=\"link\" data-id=\"https:\/\/tkv-hochfranken.de\/index.php\/2026\/02\/05\/florestan-und-eusebius-preis-2026-geht-an-das-blockfloeten-ensemble-sophia-elin-knechtel-ilian-takuro-shestiperov-und-martin-kreissl\/\">2026, Blockfl\u00f6ten-Ensemble, Sophia Elin Knechtel, Ilian Takuro Shestiperov &amp; Martin Kreissl<\/a><\/li>\n\n\n\n<li><a href=\"https:\/\/tkv-hochfranken.de\/index.php\/2025\/01\/29\/luka-storoshenko-wird-neuer-florestan-und-eusebius-preistraeger-2025\/\">2025, Violoncello solo, Luka Storozhenko<\/a><\/li>\n\n\n\n<li><a href=\"https:\/\/tkv-hochfranken.de\/index.php\/2024\/02\/01\/jeroen-sigl-bekommt-den-florestan-und-eusebius-preis-2024\/\" data-type=\"URL\">2024, Gitarre solo, Jeroen Sigl<\/a><\/li>\n\n\n\n<li><a href=\"https:\/\/tkv-hochfranken.de\/index.php\/2023\/02\/04\/florestan-und-eusebius-preis-geht-2023-an-die-junge-pianistin-henrike-neumann\/\">2023, Klavier solo, Henrike Neumann<\/a><\/li>\n\n\n\n<li><a href=\"https:\/\/tkv-hochfranken.de\/index.php\/2020\/02\/03\/florestan-und-eusebius-preis-geht-2020-an-dana-schoerner\/\">2020, Klavier solo, Dana Sch\u00f6rner<\/a><\/li>\n\n\n\n<li><a href=\"https:\/\/tkv-hochfranken.de\/index.php\/2019\/02\/04\/naomi-honda-gewinnerin-des-florestan-und-eusebius-preis-2019\/\">2019, Violine, Naomi Honda<\/a><\/li>\n\n\n\n<li><a href=\"https:\/\/tkv-hochfranken.de\/index.php\/2018\/01\/31\/daniel-schreivogel-preistraeger-2018\/\">2018, Gitarre solo, Daniel Schreivogel<\/a><\/li>\n\n\n\n<li><a href=\"https:\/\/tkv-hochfranken.de\/index.php\/2017\/02\/01\/jonah-petrahn-klavier-solo\/\">2017, Klavier solo, Jonah Petrahn<\/a><\/li>\n\n\n\n<li><a href=\"https:\/\/tkv-hochfranken.de\/index.php\/2016\/01\/29\/himmlische-klaenge-florestan-und-eusebius-preis-fuer-das-harfen-duo-bense-krueger\/\">2016, Harfe-Duo, Emma Bense &amp; Lotte Katharina Kr\u00fcger<\/a><\/li>\n\n\n\n<li><a href=\"https:\/\/tkv-hochfranken.de\/index.php\/2015\/01\/30\/sonderpreis-fuer-die-fagottistin-anna-ernst\/\">2015, Fagott, Anna Ernst<\/a><\/li>\n\n\n\n<li><a href=\"https:\/\/tkv-hochfranken.de\/index.php\/2014\/02\/14\/jugend-musiziert-2014\/\">2014, Gesang, Katharina Halter<\/a><\/li>\n\n\n\n<li><a href=\"https:\/\/tkv-hochfranken.de\/index.php\/2013\/01\/27\/sonderpreis-an-elisabeth-mueller-in-der-wertung-akkordeon-solo\/\">2013, Akkordeon, Elisabeth M\u00fcller<\/a><\/li>\n\n\n\n<li><a href=\"https:\/\/tkv-hochfranken.de\/index.php\/2018\/12\/30\/sonderpreis-an-den-gitarristen-daniel-schreivogel\/\">2012, Gitarre solo, Daniel Schreivogel<\/a><\/li>\n\n\n\n<li><a href=\"https:\/\/tkv-hochfranken.de\/index.php\/2011\/02\/06\/1-sonderpreis-fuer-giovanni-gromek\/\">2011, Klavier solo, Giovanni Gromek<\/a><\/li>\n<\/ul>\n<h3>Related Images:<\/h3>","protected":false},"excerpt":{"rendered":"<p>Sonderpreis beim Regionalwettbwerb &#8222;Jugend-musiziert&#8220; in Hochfranken Der &#8218;Florestan und Eusebius-Preis&#8216; ist ein Sonderpreis zur F\u00f6rderung der jungen Musikerinnen und Musiker in der Region Hochfranken. Verliehen wird der Preis jedes Jahr im Rahmen des Regionalwettbewerbs &#8222;Jugend musiziert&#8220; Hochfranken. Dieser Preis beinhaltet einen Geldwert in H\u00f6he von 300,- Euro sowie 3 Auftrittsm\u00f6glichkeiten in Konzerten des TKVs Hochfranken&#8230;. <\/p>\n<div class=\"read-more navbutton\"><a href=\"https:\/\/tkv-hochfranken.de\/index.php\/aktivitaeten\/florestan-und-eusebius-preis\/\">Read More<i class=\"fa fa-angle-double-right\"><\/i><\/a><\/div>\n","protected":false},"author":1,"featured_media":0,"parent":50,"menu_order":5,"comment_status":"closed","ping_status":"closed","template":"","meta":{"ngg_post_thumbnail":0,"footnotes":""},"class_list":["post-88","page","type-page","status-publish","hentry"],"_links":{"self":[{"href":"https:\/\/tkv-hochfranken.de\/index.php\/wp-json\/wp\/v2\/pages\/88","targetHints":{"allow":["GET"]}}],"collection":[{"href":"https:\/\/tkv-hochfranken.de\/index.php\/wp-json\/wp\/v2\/pages"}],"about":[{"href":"https:\/\/tkv-hochfranken.de\/index.php\/wp-json\/wp\/v2\/types\/page"}],"author":[{"embeddable":true,"href":"https:\/\/tkv-hochfranken.de\/index.php\/wp-json\/wp\/v2\/users\/1"}],"replies":[{"embeddable":true,"href":"https:\/\/tkv-hochfranken.de\/index.php\/wp-json\/wp\/v2\/comments?post=88"}],"version-history":[{"count":25,"href":"https:\/\/tkv-hochfranken.de\/index.php\/wp-json\/wp\/v2\/pages\/88\/revisions"}],"predecessor-version":[{"id":4224,"href":"https:\/\/tkv-hochfranken.de\/index.php\/wp-json\/wp\/v2\/pages\/88\/revisions\/4224"}],"up":[{"embeddable":true,"href":"https:\/\/tkv-hochfranken.de\/index.php\/wp-json\/wp\/v2\/pages\/50"}],"wp:attachment":[{"href":"https:\/\/tkv-hochfranken.de\/index.php\/wp-json\/wp\/v2\/media?parent=88"}],"curies":[{"name":"wp","href":"https:\/\/api.w.org\/{rel}","templated":true}]}}