{"id":91,"date":"2018-12-28T21:33:05","date_gmt":"2018-12-28T20:33:05","guid":{"rendered":"https:\/\/tkv-hochfranken.de\/?page_id=91"},"modified":"2019-04-03T16:07:15","modified_gmt":"2019-04-03T14:07:15","slug":"rudolf-serkin-preis","status":"publish","type":"page","link":"https:\/\/tkv-hochfranken.de\/index.php\/aktivitaeten\/rudolf-serkin-preis\/","title":{"rendered":"Rudolf Serkin-Preis"},"content":{"rendered":"\n<div class=\"wp-block-media-text alignwide is-stacked-on-mobile\" style=\"grid-template-columns:26% auto\"><figure class=\"wp-block-media-text__media\"><img fetchpriority=\"high\" decoding=\"async\" width=\"212\" height=\"300\" src=\"https:\/\/tkv-hochfranken.de\/wp-content\/uploads\/2018\/12\/Plakat_Piano_ber_Grenzen_2017-212x300.png\" alt=\"Plakat des letzten Wettbewerbs &quot;Piano \u00fcber Grenzen&quot;.\" class=\"wp-image-63\" srcset=\"https:\/\/tkv-hochfranken.de\/wp-content\/uploads\/2018\/12\/Plakat_Piano_ber_Grenzen_2017-212x300.png 212w, https:\/\/tkv-hochfranken.de\/wp-content\/uploads\/2018\/12\/Plakat_Piano_ber_Grenzen_2017-768x1085.png 768w, https:\/\/tkv-hochfranken.de\/wp-content\/uploads\/2018\/12\/Plakat_Piano_ber_Grenzen_2017-725x1024.png 725w, https:\/\/tkv-hochfranken.de\/wp-content\/uploads\/2018\/12\/Plakat_Piano_ber_Grenzen_2017.png 1661w\" sizes=\"(max-width: 212px) 100vw, 212px\" \/><\/figure><div class=\"wp-block-media-text__content\">\n<p> In den vergangenen Jahren erhielten die Preistr\u00e4gerInnen eine F\u00f6rderung in H\u00f6he von 400 Euro.  <\/p>\n\n\n\n<p>Der Rudolf Serkin-Preis wird innerhalb des Wettbewerbs <a href=\"http:\/\/www.hofer-symphoniker.de\/musikschule\/wettbewerbe\/piano-ueber-grenzen.html\">&#8222;Piano \u00fcber Grenzen&#8220; <\/a>vergeben. <\/p>\n<\/div><\/div>\n<h3>Related Images:<\/h3>","protected":false},"excerpt":{"rendered":"<p>In den vergangenen Jahren erhielten die Preistr\u00e4gerInnen eine F\u00f6rderung in H\u00f6he von 400 Euro. Der Rudolf Serkin-Preis wird innerhalb des Wettbewerbs &#8222;Piano \u00fcber Grenzen&#8220; vergeben. Related Images:<\/p>\n","protected":false},"author":1,"featured_media":0,"parent":50,"menu_order":6,"comment_status":"closed","ping_status":"closed","template":"","meta":{"ngg_post_thumbnail":0,"footnotes":""},"class_list":["post-91","page","type-page","status-publish","hentry"],"_links":{"self":[{"href":"https:\/\/tkv-hochfranken.de\/index.php\/wp-json\/wp\/v2\/pages\/91","targetHints":{"allow":["GET"]}}],"collection":[{"href":"https:\/\/tkv-hochfranken.de\/index.php\/wp-json\/wp\/v2\/pages"}],"about":[{"href":"https:\/\/tkv-hochfranken.de\/index.php\/wp-json\/wp\/v2\/types\/page"}],"author":[{"embeddable":true,"href":"https:\/\/tkv-hochfranken.de\/index.php\/wp-json\/wp\/v2\/users\/1"}],"replies":[{"embeddable":true,"href":"https:\/\/tkv-hochfranken.de\/index.php\/wp-json\/wp\/v2\/comments?post=91"}],"version-history":[{"count":7,"href":"https:\/\/tkv-hochfranken.de\/index.php\/wp-json\/wp\/v2\/pages\/91\/revisions"}],"predecessor-version":[{"id":1031,"href":"https:\/\/tkv-hochfranken.de\/index.php\/wp-json\/wp\/v2\/pages\/91\/revisions\/1031"}],"up":[{"embeddable":true,"href":"https:\/\/tkv-hochfranken.de\/index.php\/wp-json\/wp\/v2\/pages\/50"}],"wp:attachment":[{"href":"https:\/\/tkv-hochfranken.de\/index.php\/wp-json\/wp\/v2\/media?parent=91"}],"curies":[{"name":"wp","href":"https:\/\/api.w.org\/{rel}","templated":true}]}}